{"id":2,"date":"2010-01-15T20:21:14","date_gmt":"2010-01-15T19:21:14","guid":{"rendered":"http:\/\/www.eira.es\/wordpress\/?page_id=2"},"modified":"2010-01-27T15:04:13","modified_gmt":"2010-01-27T14:04:13","slug":"about","status":"publish","type":"page","link":"https:\/\/www.eira.es\/blog\/about\/","title":{"rendered":"Sobre"},"content":{"rendered":"<p>Sobre este web\/blog<\/p>\n<p>Este web e persoal, ou mais ben familiar.\u00a0 O seu obxectivo \u00e9 contar cun espazo que permita a publicaci\u00f3n de pequenos artigos, fotos e ficheiros para o seu uso compartido.<\/p>\n<p>Se lle cadra tam\u00e9n o utilizarei para contar algunha cousi\u00f1a. \ud83d\ude09<\/p>\n","protected":false},"excerpt":{"rendered":"<p>Sobre este web\/blog Este web e persoal, ou mais ben familiar.\u00a0 O seu obxectivo \u00e9 contar cun espazo que permita a publicaci\u00f3n de pequenos artigos, fotos e ficheiros para o seu uso compartido. Se lle cadra tam\u00e9n o utilizarei para &hellip; <a href=\"https:\/\/www.eira.es\/blog\/about\/\">Sigue lendo <span class=\"meta-nav\">&rarr;<\/span><\/a><\/p>\n","protected":false},"author":1,"featured_media":0,"parent":0,"menu_order":0,"comment_status":"open","ping_status":"open","template":"","meta":{"footnotes":""},"class_list":["post-2","page","type-page","status-publish","hentry"],"_links":{"self":[{"href":"https:\/\/www.eira.es\/blog\/wp-json\/wp\/v2\/pages\/2","targetHints":{"allow":["GET"]}}],"collection":[{"href":"https:\/\/www.eira.es\/blog\/wp-json\/wp\/v2\/pages"}],"about":[{"href":"https:\/\/www.eira.es\/blog\/wp-json\/wp\/v2\/types\/page"}],"author":[{"embeddable":true,"href":"https:\/\/www.eira.es\/blog\/wp-json\/wp\/v2\/users\/1"}],"replies":[{"embeddable":true,"href":"https:\/\/www.eira.es\/blog\/wp-json\/wp\/v2\/comments?post=2"}],"version-history":[{"count":8,"href":"https:\/\/www.eira.es\/blog\/wp-json\/wp\/v2\/pages\/2\/revisions"}],"predecessor-version":[{"id":139,"href":"https:\/\/www.eira.es\/blog\/wp-json\/wp\/v2\/pages\/2\/revisions\/139"}],"wp:attachment":[{"href":"https:\/\/www.eira.es\/blog\/wp-json\/wp\/v2\/media?parent=2"}],"curies":[{"name":"wp","href":"https:\/\/api.w.org\/{rel}","templated":true}]}}